


{"id":19831,"date":"2022-11-14T16:50:59","date_gmt":"2023-06-15T12:40:33","guid":{"rendered":"https:\/\/www.archiviostoricolivetti.it\/prodotto\/las-castas-mexicanas\/"},"modified":"2024-01-05T15:31:19","modified_gmt":"2024-01-05T14:31:19","slug":"las-castas-mexicanas","status":"publish","type":"product","link":"https:\/\/www.archiviostoricolivetti.it\/en\/prodotto\/las-castas-mexicanas\/","title":{"rendered":"Las Castas Mexicanas"},"content":{"rendered":"","protected":false},"excerpt":{"rendered":"<p>DESCRIPTION<\/p>\n<p>During its industrial presence in Mexico, Olivetti always paid great attention to the development of cultural and friendly relations with the country, in a bidirectional process aimed at enriching both parties.<br \/>\nThe volume &#8220;Las castas mexicanas. Un genero pictorico americano&#8221; can be considered a catalogue of works belonging to the pictorial genre of the &#8220;Mexican castes&#8221;, presented in their crude effects, but with the rigour of scientific research.<br \/>\nThey constitute a series of works that together represent a very valuable portrait of Mexican social life during the eighteenth century.<\/p>\n<p>Introduction: Mar\u00eda Concepci\u00f3n Garc\u00eda S\u00e1iz<br \/>\nPublisher: Olivetti<br \/>\nYear: 1989<br \/>\nLanguage: English\/Spanish<br \/>\nDimensions: 25 x 31 cm<br \/>\nPages: 253<\/p>\n","protected":false},"featured_media":17506,"comment_status":"closed","ping_status":"closed","template":"","meta":{"_acf_changed":false,"give_campaign_id":0,"inline_featured_image":false},"product_brand":[],"product_cat":[570],"product_tag":[],"class_list":{"0":"post-19831","1":"product","2":"type-product","3":"status-publish","4":"has-post-thumbnail","6":"product_cat-books","8":"first","9":"instock","10":"shipping-taxable","11":"purchasable","12":"product-type-simple"},"acf":[],"_links":{"self":[{"href":"https:\/\/www.archiviostoricolivetti.it\/en\/wp-json\/wp\/v2\/product\/19831","targetHints":{"allow":["GET"]}}],"collection":[{"href":"https:\/\/www.archiviostoricolivetti.it\/en\/wp-json\/wp\/v2\/product"}],"about":[{"href":"https:\/\/www.archiviostoricolivetti.it\/en\/wp-json\/wp\/v2\/types\/product"}],"replies":[{"embeddable":true,"href":"https:\/\/www.archiviostoricolivetti.it\/en\/wp-json\/wp\/v2\/comments?post=19831"}],"wp:featuredmedia":[{"embeddable":true,"href":"https:\/\/www.archiviostoricolivetti.it\/en\/wp-json\/wp\/v2\/media\/17506"}],"wp:attachment":[{"href":"https:\/\/www.archiviostoricolivetti.it\/en\/wp-json\/wp\/v2\/media?parent=19831"}],"wp:term":[{"taxonomy":"product_brand","embeddable":true,"href":"https:\/\/www.archiviostoricolivetti.it\/en\/wp-json\/wp\/v2\/product_brand?post=19831"},{"taxonomy":"product_cat","embeddable":true,"href":"https:\/\/www.archiviostoricolivetti.it\/en\/wp-json\/wp\/v2\/product_cat?post=19831"},{"taxonomy":"product_tag","embeddable":true,"href":"https:\/\/www.archiviostoricolivetti.it\/en\/wp-json\/wp\/v2\/product_tag?post=19831"}],"curies":[{"name":"wp","href":"https:\/\/api.w.org\/{rel}","templated":true}]}}